{"id":8666,"date":"2025-12-06T21:23:44","date_gmt":"2025-12-06T21:23:44","guid":{"rendered":"https:\/\/ifoundyou.pt\/politique-de-confidentialite\/"},"modified":"2026-03-08T12:24:53","modified_gmt":"2026-03-08T12:24:53","slug":"politique-de-confidentialite","status":"publish","type":"page","link":"https:\/\/ifoundyou.pt\/fr\/politique-de-confidentialite\/","title":{"rendered":"Politique de confidentialit\u00e9"},"content":{"rendered":"\n<p><\/p>\n\n<p>Toutes les informations personnelles recueillies seront utilis\u00e9es pour vous aider \u00e0 rendre votre visite sur notre site aussi productive et agr\u00e9able que possible. La garantie de la confidentialit\u00e9 des donn\u00e9es personnelles des utilisateurs de notre site est importante pour I Found You Celebration. <\/p>\n\n<p>Toutes les informations personnelles relatives aux membres, abonn\u00e9s, clients ou visiteurs qui utilisent le site web I FOUND YOU seront trait\u00e9es conform\u00e9ment \u00e0 la Loi sur la protection des donn\u00e9es personnelles du 26 octobre 1998 (loi n\u00b0 67\/98). Les informations personnelles recueillies peuvent inclure votre nom, e-mail, num\u00e9ro de t\u00e9l\u00e9phone et\/ou de portable, l\u2019adresse de c\u00e9l\u00e9bration de la c\u00e9r\u00e9monie et\/ou d\u2019autres informations. <\/p>\n\n<p>L\u2019utilisation du site I FOUND YOU implique l\u2019acceptation de la pr\u00e9sente Politique de confidentialit\u00e9. L\u2019\u00e9quipe I FOUND YOU se r\u00e9serve le droit de modifier le pr\u00e9sent accord sans pr\u00e9avis. Nous vous recommandons donc de consulter r\u00e9guli\u00e8rement notre politique de confidentialit\u00e9 afin de rester toujours inform\u00e9(e).<\/p>\n\n<p>Nous ne conservons les informations recueillies que pendant le temps n\u00e9cessaire \u00e0 la fourniture du service demand\u00e9. Les donn\u00e9es recueillies seront prot\u00e9g\u00e9es conform\u00e9ment aux normes relatives \u00e0 la protection des donn\u00e9es afin d\u2019\u00e9viter les pertes et les vols, ainsi que l\u2019acc\u00e8s, la divulgation, la copie, l\u2019utilisation ou la modification non autoris\u00e9s.<\/p>\n\n<p>Nous ne partageons pas d\u2019informations d\u2019identification personnelle publiquement ni avec des tiers, sauf lorsque la loi l\u2019exige.<\/p>\n\n<p>Notre site web peut contenir des liens vers des sites externes qui ne sont pas exploit\u00e9s par nous. Veuillez noter que nous n\u2019avons aucun contr\u00f4le sur le contenu et les pratiques de ces sites et que nous ne pouvons accepter la responsabilit\u00e9 de leurs politiques de confidentialit\u00e9 respectives.<\/p>\n\n<p>Vous pouvez refuser notre demande d\u2019informations personnelles, en sachant que nous pourrions ne pas \u00eatre en mesure de fournir certains des services souhait\u00e9s.<\/p>\n\n<p>En naviguant sur notre site web, vous acceptez nos politiques de confidentialit\u00e9 et relatives aux informations personnelles. Si vous avez des questions sur la mani\u00e8re dont nous traitons les donn\u00e9es des utilisateurs et les informations personnelles, veuillez nous contacter.<\/p>\n\n<h2 class=\"wp-block-heading\">Annonces<\/h2>\n\n<p>Comme d\u2019autres sites web, nous collectons et utilisons des informations contenues dans les annonces. Les informations contenues dans les annonces incluent votre adresse IP (Internet Protocol), votre FAI (Internet Service Provider, comme Sapo, Clix ou autre), le navigateur que vous avez utilis\u00e9 lors de votre visite sur notre site web (comme Chrome, Microsfot Edge, Firefox ou autres), l\u2019heure de votre visite et les pages que vous avez consult\u00e9es sur notre site web.<\/p>\n\n<h2 class=\"wp-block-heading\">Engagement de l\u2019utilisateur<\/h2>\n\n<p>L\u2019utilisateur s\u2019engage \u00e0 faire un usage appropri\u00e9 des contenus et des informations que I FOUND YOU met \u00e0 disposition sur le site, \u00e0 titre \u00e9nonciatif et non limitatif, notamment \u00e0 :<\/p>\n\n<p>&#8211; Ne pas causer de dommages aux syst\u00e8mes physiques (mat\u00e9riels) et logiques (logiciels) de I FOUND YOU, de ses fournisseurs ou de tiers, ni introduire ou diffuser des virus informatiques ou tout autre syst\u00e8me mat\u00e9riel ou logiciel susceptible de causer les dommages mentionn\u00e9s ci-dessus.<\/p>\n\n<p>&#8211; Ne pas se livrer \u00e0 des activit\u00e9s ill\u00e9gales ou contraires \u00e0 la bonne foi et \u00e0 l\u2019ordre public ;<\/p>\n\n<p>&#8211; Ne pas diffuser de publicit\u00e9 ou de contenu \u00e0 caract\u00e8re raciste, x\u00e9nophobe, ou relatif aux casinos, maisons de paris, jeux de hasard, tout type de pornographie, de soutien au terrorisme ou contraire aux droits humains ;<\/p>\n","protected":false},"excerpt":{"rendered":"<p>Toutes les informations personnelles recueillies seront utilis\u00e9es pour vous aider \u00e0 rendre votre visite sur notre site aussi productive et agr\u00e9able que possible. La garantie de la confidentialit\u00e9 des donn\u00e9es personnelles des utilisateurs de notre site est importante pour I Found You Celebration. Toutes les informations personnelles relatives aux membres, abonn\u00e9s, clients ou visiteurs qui utilisent le [&hellip;]<\/p>\n","protected":false},"author":1,"featured_media":0,"parent":0,"menu_order":0,"comment_status":"closed","ping_status":"open","template":"","meta":{"footnotes":""},"class_list":["post-8666","page","type-page","status-publish","hentry"],"_hostinger_reach_plugin_has_subscription_block":false,"_hostinger_reach_plugin_is_elementor":false,"jetpack_sharing_enabled":true,"_links":{"self":[{"href":"https:\/\/ifoundyou.pt\/fr\/wp-json\/wp\/v2\/pages\/8666","targetHints":{"allow":["GET"]}}],"collection":[{"href":"https:\/\/ifoundyou.pt\/fr\/wp-json\/wp\/v2\/pages"}],"about":[{"href":"https:\/\/ifoundyou.pt\/fr\/wp-json\/wp\/v2\/types\/page"}],"author":[{"embeddable":true,"href":"https:\/\/ifoundyou.pt\/fr\/wp-json\/wp\/v2\/users\/1"}],"replies":[{"embeddable":true,"href":"https:\/\/ifoundyou.pt\/fr\/wp-json\/wp\/v2\/comments?post=8666"}],"version-history":[{"count":1,"href":"https:\/\/ifoundyou.pt\/fr\/wp-json\/wp\/v2\/pages\/8666\/revisions"}],"predecessor-version":[{"id":8667,"href":"https:\/\/ifoundyou.pt\/fr\/wp-json\/wp\/v2\/pages\/8666\/revisions\/8667"}],"wp:attachment":[{"href":"https:\/\/ifoundyou.pt\/fr\/wp-json\/wp\/v2\/media?parent=8666"}],"curies":[{"name":"wp","href":"https:\/\/api.w.org\/{rel}","templated":true}]}}