{"id":8662,"date":"2026-01-16T20:13:57","date_gmt":"2026-01-16T20:13:57","guid":{"rendered":"https:\/\/ifoundyou.pt\/politique-de-cookies\/"},"modified":"2026-03-08T12:21:21","modified_gmt":"2026-03-08T12:21:21","slug":"politique-de-cookies","status":"publish","type":"page","link":"https:\/\/ifoundyou.pt\/fr\/politique-de-cookies\/","title":{"rendered":"Politique de cookies"},"content":{"rendered":"\n<p><\/p>\n\n<h2 class=\"wp-block-heading\">1. Que sont les cookies ?<\/h2>\n\n<p>Comme il est d\u2019usage sur presque tous les sites web professionnels, ce site utilise des cookies, qui sont de petites \u00e9tiquettes logicielles stock\u00e9es sur votre ordinateur via votre navigateur (browser), afin d\u2019am\u00e9liorer votre exp\u00e9rience.<\/p>\n\n<p>Cette page d\u00e9crit les informations qu\u2019ils recueillent, la mani\u00e8re dont nous les utilisons et les raisons pour lesquelles nous stockons ces cookies.<\/p>\n\n<h2 class=\"wp-block-heading\">2. Quel type de cookies utilisons-nous ?<\/h2>\n\n<p>Il existe deux groupes de cookies pouvant \u00eatre utilis\u00e9s :<\/p>\n\n<p><strong>Cookies permanents :<\/strong> ce sont des cookies stock\u00e9s dans le navigateur de votre \u00e9quipement d\u2019acc\u00e8s (PC, t\u00e9l\u00e9phone portable, tablette ou autre) et qui sont utilis\u00e9s chaque fois que vous visitez l\u2019un de nos sites, plus d\u2019une fois. En r\u00e8gle g\u00e9n\u00e9rale, ils sont utilis\u00e9s pour orienter la navigation selon les int\u00e9r\u00eats de l\u2019utilisateur, nous permettant ainsi de fournir un service plus personnalis\u00e9.<\/p>\n\n<p><strong>Cookies de session :<\/strong> ce sont des cookies temporaires qui restent dans le fichier de cookies de votre navigateur jusqu\u2019\u00e0 ce que vous quittiez le site. Les informations obtenues par ces cookies servent \u00e0 analyser les mod\u00e8les de trafic sur le web, permettant d\u2019identifier des probl\u00e8mes et d\u2019offrir une meilleure exp\u00e9rience de navigation.<\/p>\n\n<h2 class=\"wp-block-heading\">3. Comment utilisons-nous les cookies ?<\/h2>\n\n<p>Les cookies sont utilis\u00e9s de mani\u00e8re anonyme \u00e0 des fins de cr\u00e9ation et d\u2019analyse de statistiques, afin d\u2019am\u00e9liorer le fonctionnement du site web.<\/p>\n\n<p><strong>Cookies de fonctionnalit\u00e9 : <\/strong>ils enregistrent les pr\u00e9f\u00e9rences de l\u2019utilisateur concernant l\u2019utilisation du site, de sorte qu\u2019il ne soit pas n\u00e9cessaire de configurer \u00e0 nouveau le site lors de chaque visite.<\/p>\n\n<p><strong>Cookies de tiers :<\/strong> ils mesurent le succ\u00e8s des applications et l\u2019efficacit\u00e9 de la publicit\u00e9 de tiers. Ils peuvent \u00e9galement \u00eatre utilis\u00e9s pour personnaliser un widget avec les donn\u00e9es de l\u2019utilisateur.<\/p>\n\n<p><strong>Cookies de publicit\u00e9 : <\/strong>ils orientent la publicit\u00e9 en fonction des int\u00e9r\u00eats de chaque utilisateur, afin de cibler les campagnes publicitaires en tenant compte des go\u00fbts des utilisateurs ; de plus, ils limitent le nombre de fois que vous voyez l\u2019annonce, aidant ainsi \u00e0 mesurer l\u2019efficacit\u00e9 de la publicit\u00e9 et le succ\u00e8s de l\u2019organisation du site web.<\/p>\n\n<h2 class=\"wp-block-heading\">4. D\u00e9sactiver les cookies<\/h2>\n\n<p>Toute personne peut emp\u00eacher la configuration des cookies en ajustant les param\u00e8tres de son navigateur. Sachez que la d\u00e9sactivation des cookies affectera la fonctionnalit\u00e9 de ce site et de nombreux autres sites que vous visitez. La d\u00e9sactivation des cookies entra\u00eenera g\u00e9n\u00e9ralement la d\u00e9sactivation de certaines fonctionnalit\u00e9s et caract\u00e9ristiques de ce site. <\/p>\n","protected":false},"excerpt":{"rendered":"<p>1. Que sont les cookies ? Comme il est d\u2019usage sur presque tous les sites web professionnels, ce site utilise des cookies, qui sont de petites \u00e9tiquettes logicielles stock\u00e9es sur votre ordinateur via votre navigateur (browser), afin d\u2019am\u00e9liorer votre exp\u00e9rience. Cette page d\u00e9crit les informations qu\u2019ils recueillent, la mani\u00e8re dont nous les utilisons et les raisons pour [&hellip;]<\/p>\n","protected":false},"author":1,"featured_media":0,"parent":0,"menu_order":0,"comment_status":"closed","ping_status":"closed","template":"","meta":{"footnotes":""},"class_list":["post-8662","page","type-page","status-publish","hentry"],"_hostinger_reach_plugin_has_subscription_block":false,"_hostinger_reach_plugin_is_elementor":false,"jetpack_sharing_enabled":true,"_links":{"self":[{"href":"https:\/\/ifoundyou.pt\/fr\/wp-json\/wp\/v2\/pages\/8662","targetHints":{"allow":["GET"]}}],"collection":[{"href":"https:\/\/ifoundyou.pt\/fr\/wp-json\/wp\/v2\/pages"}],"about":[{"href":"https:\/\/ifoundyou.pt\/fr\/wp-json\/wp\/v2\/types\/page"}],"author":[{"embeddable":true,"href":"https:\/\/ifoundyou.pt\/fr\/wp-json\/wp\/v2\/users\/1"}],"replies":[{"embeddable":true,"href":"https:\/\/ifoundyou.pt\/fr\/wp-json\/wp\/v2\/comments?post=8662"}],"version-history":[{"count":1,"href":"https:\/\/ifoundyou.pt\/fr\/wp-json\/wp\/v2\/pages\/8662\/revisions"}],"predecessor-version":[{"id":8663,"href":"https:\/\/ifoundyou.pt\/fr\/wp-json\/wp\/v2\/pages\/8662\/revisions\/8663"}],"wp:attachment":[{"href":"https:\/\/ifoundyou.pt\/fr\/wp-json\/wp\/v2\/media?parent=8662"}],"curies":[{"name":"wp","href":"https:\/\/api.w.org\/{rel}","templated":true}]}}