{"id":8394,"date":"2019-12-04T12:57:42","date_gmt":"2019-12-04T12:57:42","guid":{"rendered":"https:\/\/ifoundyou.pt\/contacts\/"},"modified":"2026-03-06T19:46:40","modified_gmt":"2026-03-06T19:46:40","slug":"contacts","status":"publish","type":"page","link":"https:\/\/ifoundyou.pt\/fr\/contacts\/","title":{"rendered":"Contacts"},"content":{"rendered":"\t\t<div data-elementor-type=\"wp-page\" data-elementor-id=\"8394\" class=\"elementor elementor-8394 elementor-1229\">\n\t\t\t\t<div class=\"elementor-element elementor-element-0aed07e e-con-full e-flex e-con e-parent\" data-id=\"0aed07e\" data-element_type=\"container\" data-e-type=\"container\" data-settings=\"{&quot;background_background&quot;:&quot;classic&quot;}\">\n\t\t<div class=\"elementor-element elementor-element-8ee8e43 e-con-full e-flex e-con e-child\" data-id=\"8ee8e43\" data-element_type=\"container\" data-e-type=\"container\">\n\t\t\t\t<div class=\"elementor-element elementor-element-78f729f elementor-widget elementor-widget-eltdf_section_title\" data-id=\"78f729f\" data-element_type=\"widget\" data-e-type=\"widget\" data-widget_type=\"eltdf_section_title.default\">\n\t\t\t\t<div class=\"elementor-widget-container\">\n\t\t\t\t\t<div class=\"eltdf-section-title-holder  \" style=\"text-align: center\">\n\t<div class=\"eltdf-st-inner\">\n\t\t\t\t\t\t\t<h1 class=\"eltdf-st-title\" style=\"color: #FFFFFF\">\n\t\t\t\tContacts\t\t\t\t\t\t\t<\/h1>\n\t\t\t\t\t\t\t\t\t<\/div>\n<\/div>\t\t\t\t<\/div>\n\t\t\t\t<\/div>\n\t\t\t\t<\/div>\n\t\t\t\t<\/div>\n\t\t\t\t<section class=\"elementor-section elementor-top-section elementor-element elementor-element-e22da85 elementor-section-full_width eltdf-elementor-row-grid-section elementor-section-height-default elementor-section-height-default eltdf-parallax-row-no eltdf-content-aligment-left eltdf-disabled-bg-image-bellow-no\" data-id=\"e22da85\" data-element_type=\"section\" data-e-type=\"section\">\n\t\t\t\t\t\t<div class=\"elementor-container elementor-column-gap-default\">\n\t\t\t\t\t<div class=\"elementor-column elementor-col-50 elementor-top-column elementor-element elementor-element-c113951\" data-id=\"c113951\" data-element_type=\"column\" data-e-type=\"column\">\n\t\t\t<div class=\"elementor-widget-wrap elementor-element-populated\">\n\t\t\t\t\t\t<div class=\"elementor-element elementor-element-ff1bd8d elementor-widget elementor-widget-heading\" data-id=\"ff1bd8d\" data-element_type=\"widget\" data-e-type=\"widget\" data-widget_type=\"heading.default\">\n\t\t\t\t\t<h2 class=\"elementor-heading-title elementor-size-default\">c\u00e9l\u00e9brants <\/h2>\t\t\t\t<\/div>\n\t\t\t\t<div class=\"elementor-element elementor-element-e53e474 elementor-widget elementor-widget-eltdf_section_title\" data-id=\"e53e474\" data-element_type=\"widget\" data-e-type=\"widget\" data-widget_type=\"eltdf_section_title.default\">\n\t\t\t\t<div class=\"elementor-widget-container\">\n\t\t\t\t\t<div class=\"eltdf-section-title-holder  \" >\n\t<div class=\"eltdf-st-inner\">\n\t\t\t\t\t\t\t\t\t<h3  class=\"eltdf-st-subtitle\" style=\"line-height: 27px;margin-top: 11px;text-transform: none;font-style: italic;color: #84847C\">\n\t\t\t\t<span>\n\t\t\t\t\tNous sommes c\u00e9l\u00e9brants de c\u00e9r\u00e9monies symboliques de mariage\t\t\t\t\t\t\t\t\t<\/span>\n\t\t\t<\/h3 >\n\t\t\t\t\t\t\t<p class=\"eltdf-st-text\" style=\"margin-top: 21px\">\n\t\t\t\tNous c\u00e9l\u00e9brons des c\u00e9r\u00e9monies symboliques 100 % personnalis\u00e9es, o\u00f9 vous pourrez compter sur nos magnifiques rituels adapt\u00e9s \u00e0 votre histoire. De plus, vous pouvez compter sur nous pour l'organisation de l'\u00e9v\u00e9nement et profiter de nombreux extras comme par exemple, notre VideoBooth 360\u00ba et PhotoBooth, qui donneront une nouvelle \u00e9nergie \u00e0 votre f\u00eate. \t\t\t<\/p>\n\t\t\t\t\t<\/div>\n<\/div>\t\t\t\t<\/div>\n\t\t\t\t<\/div>\n\t\t\t\t<div class=\"elementor-element elementor-element-c306db5 elementor-widget elementor-widget-spacer\" data-id=\"c306db5\" data-element_type=\"widget\" data-e-type=\"widget\" data-widget_type=\"spacer.default\">\n\t\t\t\t\t\t\t<div class=\"elementor-spacer\">\n\t\t\t<div class=\"elementor-spacer-inner\"><\/div>\n\t\t<\/div>\n\t\t\t\t\t\t<\/div>\n\t\t\t\t<div class=\"elementor-element elementor-element-11ace0e elementor-widget-tablet__width-inherit elementor-widget elementor-widget-image\" data-id=\"11ace0e\" data-element_type=\"widget\" data-e-type=\"widget\" data-widget_type=\"image.default\">\n\t\t\t\t\t\t\t\t\t\t\t\t\t\t\t<img decoding=\"async\" src=\"https:\/\/ifoundyou.pt\/wp-content\/uploads\/2026\/01\/Andreia-I-Found-You.webp\" title=\"\" alt=\"Andreia I Found You\" loading=\"lazy\" \/>\t\t\t\t\t\t\t\t\t\t\t\t\t\t\t<\/div>\n\t\t\t\t<div class=\"elementor-element elementor-element-cceb14e elementor-widget elementor-widget-spacer\" data-id=\"cceb14e\" data-element_type=\"widget\" data-e-type=\"widget\" data-widget_type=\"spacer.default\">\n\t\t\t\t\t\t\t<div class=\"elementor-spacer\">\n\t\t\t<div class=\"elementor-spacer-inner\"><\/div>\n\t\t<\/div>\n\t\t\t\t\t\t<\/div>\n\t\t\t\t\t<\/div>\n\t\t<\/div>\n\t\t\t\t<div class=\"elementor-column elementor-col-50 elementor-top-column elementor-element elementor-element-84b4cf4\" data-id=\"84b4cf4\" data-element_type=\"column\" data-e-type=\"column\">\n\t\t\t<div class=\"elementor-widget-wrap elementor-element-populated\">\n\t\t\t\t\t\t<div class=\"elementor-element elementor-element-6f83220 elementor-widget elementor-widget-spacer\" data-id=\"6f83220\" data-element_type=\"widget\" data-e-type=\"widget\" data-widget_type=\"spacer.default\">\n\t\t\t\t\t\t\t<div class=\"elementor-spacer\">\n\t\t\t<div class=\"elementor-spacer-inner\"><\/div>\n\t\t<\/div>\n\t\t\t\t\t\t<\/div>\n\t\t\t\t<div class=\"elementor-element elementor-element-a2bb479 elementor-widget elementor-widget-eltdf_section_title\" data-id=\"a2bb479\" data-element_type=\"widget\" data-e-type=\"widget\" data-widget_type=\"eltdf_section_title.default\">\n\t\t\t\t<div class=\"elementor-widget-container\">\n\t\t\t\t\t<div class=\"eltdf-section-title-holder  \" >\n\t<div class=\"eltdf-st-inner\">\n\t\t\t\t\t\t\t<h3 class=\"eltdf-st-title\" style=\"color: #4D504A\">\n\t\t\t\tE-mail\t\t\t\t\t\t\t<\/h3>\n\t\t\t\t\t\t\t<h3  class=\"eltdf-st-subtitle\" style=\"text-transform: none;color: #84847C\">\n\t\t\t\t<span>\n\t\t\t\t\tgeral@ifoundyou.pt\t\t\t\t\t\t\t\t\t\t\t<a class=\"eltdf-st-subtitle-link\" href=\"mailto:Solene@qodeinteractive.com\" target=\"_self\"><\/a>\n\t\t\t\t\t\t\t\t\t<\/span>\n\t\t\t<\/h3 >\n\t\t\t\t\t\t\t<\/div>\n<\/div>\t\t\t\t<\/div>\n\t\t\t\t<\/div>\n\t\t\t\t<div class=\"elementor-element elementor-element-afd8d8f elementor-widget elementor-widget-spacer\" data-id=\"afd8d8f\" data-element_type=\"widget\" data-e-type=\"widget\" data-widget_type=\"spacer.default\">\n\t\t\t\t\t\t\t<div class=\"elementor-spacer\">\n\t\t\t<div class=\"elementor-spacer-inner\"><\/div>\n\t\t<\/div>\n\t\t\t\t\t\t<\/div>\n\t\t\t\t<div class=\"elementor-element elementor-element-69dc4d7 elementor-widget elementor-widget-eltdf_section_title\" data-id=\"69dc4d7\" data-element_type=\"widget\" data-e-type=\"widget\" data-widget_type=\"eltdf_section_title.default\">\n\t\t\t\t<div class=\"elementor-widget-container\">\n\t\t\t\t\t<div class=\"eltdf-section-title-holder  \" >\n\t<div class=\"eltdf-st-inner\">\n\t\t\t\t\t\t\t<h3 class=\"eltdf-st-title\" style=\"color: #4D504A\">\n\t\t\t\tT\u00c9L\u00c9PHONE PORTABLE\t\t\t\t\t\t\t<\/h3>\n\t\t\t\t\t\t\t<h3  class=\"eltdf-st-subtitle\" style=\"text-transform: none;color: #84847C\">\n\t\t\t\t<span>\n\t\t\t\t\t+351 914 856 773\t\t\t\t\t\t\t\t\t\t\t<a class=\"eltdf-st-subtitle-link\" href=\"tel:+351914856776\" target=\"_self\"><\/a>\n\t\t\t\t\t\t\t\t\t<\/span>\n\t\t\t<\/h3 >\n\t\t\t\t\t\t\t<p class=\"eltdf-st-text\" style=\"font-size: 12px;margin-top: 1px\">\n\t\t\t\t(appel vers le r\u00e9seau mobile national)\t\t\t<\/p>\n\t\t\t\t\t<\/div>\n<\/div>\t\t\t\t<\/div>\n\t\t\t\t<\/div>\n\t\t\t\t<div class=\"elementor-element elementor-element-7edaf39 elementor-widget elementor-widget-spacer\" data-id=\"7edaf39\" data-element_type=\"widget\" data-e-type=\"widget\" data-widget_type=\"spacer.default\">\n\t\t\t\t\t\t\t<div class=\"elementor-spacer\">\n\t\t\t<div class=\"elementor-spacer-inner\"><\/div>\n\t\t<\/div>\n\t\t\t\t\t\t<\/div>\n\t\t\t\t<div class=\"elementor-element elementor-element-cb300ec elementor-widget elementor-widget-spacer\" data-id=\"cb300ec\" data-element_type=\"widget\" data-e-type=\"widget\" data-widget_type=\"spacer.default\">\n\t\t\t\t\t\t\t<div class=\"elementor-spacer\">\n\t\t\t<div class=\"elementor-spacer-inner\"><\/div>\n\t\t<\/div>\n\t\t\t\t\t\t<\/div>\n\t\t\t\t<div class=\"elementor-element elementor-element-ebaae21 elementor-widget elementor-widget-heading\" data-id=\"ebaae21\" data-element_type=\"widget\" data-e-type=\"widget\" data-widget_type=\"heading.default\">\n\t\t\t\t\t<h2 class=\"elementor-heading-title elementor-size-default\">Envoyez-nous un message !<\/h2>\t\t\t\t<\/div>\n\t\t\t\t<div class=\"elementor-element elementor-element-57b0d9c elementor-widget elementor-widget-spacer\" data-id=\"57b0d9c\" data-element_type=\"widget\" data-e-type=\"widget\" data-widget_type=\"spacer.default\">\n\t\t\t\t\t\t\t<div class=\"elementor-spacer\">\n\t\t\t<div class=\"elementor-spacer-inner\"><\/div>\n\t\t<\/div>\n\t\t\t\t\t\t<\/div>\n\t\t\t\t<div class=\"elementor-element elementor-element-94874b9 elementor-widget elementor-widget-eltdf_cf7\" data-id=\"94874b9\" data-element_type=\"widget\" data-e-type=\"widget\" data-widget_type=\"eltdf_cf7.default\">\n\t\t\t\t<div class=\"elementor-widget-container\">\n\t\t\t\t\t    \n<div class=\"wpcf7 no-js\" id=\"wpcf7-f8420-o1\" lang=\"fr-FR\" dir=\"ltr\" data-wpcf7-id=\"8420\">\n<div class=\"screen-reader-response\"><p role=\"status\" aria-live=\"polite\" aria-atomic=\"true\"><\/p> <ul><\/ul><\/div>\n<form action=\"\/fr\/wp-json\/wp\/v2\/pages\/8394#wpcf7-f8420-o1\" method=\"post\" class=\"wpcf7-form init\" aria-label=\"Formulaire de contact\" novalidate=\"novalidate\" data-status=\"init\">\n<fieldset class=\"hidden-fields-container\"><input type=\"hidden\" name=\"_wpcf7\" value=\"8420\" \/><input type=\"hidden\" name=\"_wpcf7_version\" value=\"6.1.5\" \/><input type=\"hidden\" name=\"_wpcf7_locale\" value=\"fr_FR\" \/><input type=\"hidden\" name=\"_wpcf7_unit_tag\" value=\"wpcf7-f8420-o1\" \/><input type=\"hidden\" name=\"_wpcf7_container_post\" value=\"0\" \/><input type=\"hidden\" name=\"_wpcf7_posted_data_hash\" value=\"\" \/>\n<\/fieldset>\n<span class=\"wpcf7-form-control-wrap\" data-name=\"your-name\"><input size=\"40\" maxlength=\"400\" class=\"wpcf7-form-control wpcf7-text wpcf7-validates-as-required\" aria-required=\"true\" aria-invalid=\"false\" placeholder=\"Nom\" value=\"\" type=\"text\" name=\"your-name\" \/><\/span>\n<span class=\"wpcf7-form-control-wrap\" data-name=\"your-email\"><input size=\"40\" maxlength=\"400\" class=\"wpcf7-form-control wpcf7-email wpcf7-validates-as-required wpcf7-text wpcf7-validates-as-email\" aria-required=\"true\" aria-invalid=\"false\" placeholder=\"E-mail\" value=\"\" type=\"email\" name=\"your-email\" \/><\/span>\n<span class=\"wpcf7-form-control-wrap\" data-name=\"your-date\"><input size=\"40\" maxlength=\"400\" class=\"wpcf7-form-control wpcf7-text\" aria-invalid=\"false\" placeholder=\"Date de la c\u00e9r\u00e9monie\" value=\"\" type=\"text\" name=\"your-date\" \/><\/span>\n<span class=\"wpcf7-form-control-wrap\" data-name=\"your-address\"><input size=\"40\" maxlength=\"400\" class=\"wpcf7-form-control wpcf7-text\" aria-invalid=\"false\" placeholder=\"Lieu de la c\u00e9r\u00e9monie\" value=\"\" type=\"text\" name=\"your-address\" \/><\/span>\n<span class=\"wpcf7-form-control-wrap\" data-name=\"your-message\"><textarea cols=\"40\" rows=\"6\" maxlength=\"2000\" class=\"wpcf7-form-control wpcf7-textarea\" aria-invalid=\"false\" placeholder=\"Racontez-nous tout\" name=\"your-message\"><\/textarea><\/span>\n\n<button class=\"wpcf7-form-control wpcf7-submit eltdf-btn eltdf-btn-large eltdf-btn-solid\" type=\"submit\"><span class=\"eltdf-btn-text\">Envoyer<\/span><\/button><div class=\"wpcf7-response-output\" aria-hidden=\"true\"><\/div>\n<\/form>\n<\/div>\n\t\t\t\t<\/div>\n\t\t\t\t<\/div>\n\t\t\t\t\t<\/div>\n\t\t<\/div>\n\t\t\t\t\t<\/div>\n\t\t<\/section>\n\t\t\t\t<\/div>\n\t\t","protected":false},"excerpt":{"rendered":"<p>Contacts c\u00e9l\u00e9brants Nous sommes c\u00e9l\u00e9brants de c\u00e9r\u00e9monies symboliques de mariage Nous c\u00e9l\u00e9brons des c\u00e9r\u00e9monies symboliques 100 % personnalis\u00e9es, o\u00f9 vous pourrez compter sur nos magnifiques rituels adapt\u00e9s \u00e0 votre histoire. De plus, vous pouvez compter sur nous pour l&rsquo;organisation de l&rsquo;\u00e9v\u00e9nement et profiter de nombreux extras comme par exemple, notre VideoBooth 360\u00ba et PhotoBooth, qui donneront une [&hellip;]<\/p>\n","protected":false},"author":1,"featured_media":0,"parent":0,"menu_order":0,"comment_status":"closed","ping_status":"closed","template":"full-width.php","meta":{"footnotes":""},"class_list":["post-8394","page","type-page","status-publish","hentry"],"_hostinger_reach_plugin_has_subscription_block":false,"_hostinger_reach_plugin_is_elementor":false,"jetpack_sharing_enabled":true,"_links":{"self":[{"href":"https:\/\/ifoundyou.pt\/fr\/wp-json\/wp\/v2\/pages\/8394","targetHints":{"allow":["GET"]}}],"collection":[{"href":"https:\/\/ifoundyou.pt\/fr\/wp-json\/wp\/v2\/pages"}],"about":[{"href":"https:\/\/ifoundyou.pt\/fr\/wp-json\/wp\/v2\/types\/page"}],"author":[{"embeddable":true,"href":"https:\/\/ifoundyou.pt\/fr\/wp-json\/wp\/v2\/users\/1"}],"replies":[{"embeddable":true,"href":"https:\/\/ifoundyou.pt\/fr\/wp-json\/wp\/v2\/comments?post=8394"}],"version-history":[{"count":1,"href":"https:\/\/ifoundyou.pt\/fr\/wp-json\/wp\/v2\/pages\/8394\/revisions"}],"predecessor-version":[{"id":8396,"href":"https:\/\/ifoundyou.pt\/fr\/wp-json\/wp\/v2\/pages\/8394\/revisions\/8396"}],"wp:attachment":[{"href":"https:\/\/ifoundyou.pt\/fr\/wp-json\/wp\/v2\/media?parent=8394"}],"curies":[{"name":"wp","href":"https:\/\/api.w.org\/{rel}","templated":true}]}}